{"id":631,"date":"2025-05-26T08:33:17","date_gmt":"2025-05-26T08:33:17","guid":{"rendered":"https:\/\/balearesrealestate.com\/?page_id=631"},"modified":"2025-06-02T15:47:22","modified_gmt":"2025-06-02T15:47:22","slug":"legal-notice","status":"publish","type":"page","link":"https:\/\/balearesrealestate.com\/en\/contact\/legal-notice\/","title":{"rendered":"Legal notice"},"content":{"rendered":"<p>[vc_row row_type=&#8221;row&#8221; use_row_as_full_screen_section=&#8221;no&#8221; type=&#8221;full_width&#8221; text_align=&#8221;left&#8221; background_animation=&#8221;none&#8221; css_animation=&#8221;&#8221;][vc_column][vc_row_inner row_type=&#8221;row&#8221; type=&#8221;grid&#8221; use_row_as_full_screen_section_slide=&#8221;no&#8221; text_align=&#8221;left&#8221; css_animation=&#8221;&#8221;][vc_column_inner][vc_empty_space height=&#8221;150px&#8221;][vc_column_text]<\/p>\n<h1 style=\"text-align: center;\">Aviso legal<\/h1>\n<p>[\/vc_column_text][vc_empty_space height=&#8221;50px&#8221;][\/vc_column_inner][\/vc_row_inner][vc_row_inner row_type=&#8221;row&#8221; type=&#8221;grid&#8221; use_row_as_full_screen_section_slide=&#8221;no&#8221; text_align=&#8221;left&#8221; css_animation=&#8221;&#8221;][vc_column_inner][vc_column_text]<\/p>\n<p><strong>DATOS IDENTIFICATIVOS<\/strong><\/p>\n<p>&nbsp;<\/p>\n<p>En cumplimiento con el deber de informaci\u00f3n recogido en art\u00edculo 10 de la Ley 34\/2002, de 11 de julio, de Servicios de la Sociedad de la Informaci\u00f3n y del Comercio Electr\u00f3nico, a continuaci\u00f3n se reflejan los\u00a0 siguientes datos:<\/p>\n<p>&nbsp;<\/p>\n<p>La titular de esta web es INVERSIONES BALEARES Y CAPITAL S.L. , (en adelante, \u201cel titular\u201d)<br \/>\n<strong>NIF:<\/strong> B21724885<br \/>\n<strong>Direcci\u00f3n:<\/strong> La Granja 14 28400 Collado Villalba &#8211; Madrid<br \/>\n<strong>Email:<\/strong> info@balearesrealestate.com<\/p>\n<p>&nbsp;<\/p>\n<p><strong>USUARIOS<\/strong><\/p>\n<p>&nbsp;<\/p>\n<p>El acceso y\/o uso de este portal atribuye la condici\u00f3n de Usuario, que acepta, desde dicho acceso y\/o uso, las Condiciones Generales de Uso aqu\u00ed reflejadas. Las citadas Condiciones ser\u00e1n de aplicaci\u00f3n independientemente\u00a0 de\u00a0 las Condiciones\u00a0 Generales\u00a0 de Contrataci\u00f3n que en su caso resulten de obligado cumplimiento.<\/p>\n<p>&nbsp;<\/p>\n<p><strong>USO DEL PORTAL<\/strong><\/p>\n<p>&nbsp;<\/p>\n<p>Esta web proporciona el acceso a multitud de informaciones,\u00a0 servicios,\u00a0 programas\u00a0 o\u00a0 datos (en adelante, \u00ablos contenidos\u00bb) en Internet pertenecientes al titular o a sus licenciantes a los que el Usuario pueda tener acceso. El Usuario asume la responsabilidad del uso del portal. Dicha responsabilidad se extiende al registro que fuese necesario para acceder a determinados servicios o contenidos.<\/p>\n<p>En\u00a0 dicho\u00a0 registro\u00a0 el\u00a0 Usuario\u00a0 ser\u00e1\u00a0 responsable\u00a0 de\u00a0 aportar informaci\u00f3n veraz y l\u00edcita. Como consecuencia de este registro, al Usuario se le puede proporcionar una contrase\u00f1a de la que ser\u00e1 responsable, comprometi\u00e9ndose\u00a0 a\u00a0 hacer\u00a0 un\u00a0 uso\u00a0 diligente\u00a0 y confidencial de la misma. El Usuario se compromete a hacer un uso adecuado de los contenidos y servicios (como por ejemplo servicios de chat, foros de discusi\u00f3n o grupos de noticias) que el titular ofrece a trav\u00e9s de su portal y con car\u00e1cter enunciativo pero no limitativo, a no emplearlos para (i) incurrir en actividades il\u00edcitas, ilegales o contrarias a la buena fe y al orden p\u00fablico; (ii) difundir contenidos o propaganda de car\u00e1cter racista, xen\u00f3fobo, pornogr\u00e1fico, ilegal, de apolog\u00eda del terrorismo o atentatorio contra los derechos humanos; (iii) provocar da\u00f1os en los sistemas f\u00edsicos y l\u00f3gicos del titular, de sus proveedores o de terceras personas, introducir o difundir en la red virus inform\u00e1ticos o cualesquiera otros sistemas f\u00edsicos o\u00a0 l\u00f3gicos que\u00a0 sean susceptibles de\u00a0 provocar los da\u00f1os anteriormente mencionados; (iv) intentar acceder y, en su caso, utilizar las cuentas de correo electr\u00f3nico de otros Usuarios y modificar o manipular sus mensajes.<\/p>\n<p>El titular se\u00a0 reserva\u00a0 el\u00a0 derecho\u00a0 de\u00a0 retirar\u00a0 todos\u00a0 aquellos comentarios y aportaciones que vulneren el respeto a la dignidad de la\u00a0 persona,\u00a0 que\u00a0 sean\u00a0 discriminatorios,\u00a0 xen\u00f3fobos,\u00a0 racistas, pornogr\u00e1ficos, que atenten contra la juventud o la infancia, el orden o la seguridad p\u00fablica o que, a su juicio, no resultaran adecuados para su publicaci\u00f3n. En cualquier caso, el titular \u00a0no ser\u00e1 responsable de las opiniones vertidas por los Usuarios a trav\u00e9s de los foros, chats, u otras herramientas de participaci\u00f3n.<\/p>\n<p>&nbsp;<\/p>\n<p><strong>POL\u00cdTICA DE PRIVACIDAD<\/strong><\/p>\n<p>Por favor consulte la p\u00e1gina Pol\u00edtica de Privacidad.<\/p>\n<p><strong>PROTECCI\u00d3N DE DATOS<\/strong><\/p>\n<p>Por favor consulte la p\u00e1gina Pol\u00edtica de Privacidad.<\/p>\n<p><strong>USO DE COOKIES<\/strong><\/p>\n<p>Por favor consulte la p\u00e1gina Pol\u00edtica de Privacidad.<\/p>\n<p>&nbsp;<\/p>\n<p><strong>PROPIEDAD INTELECTUAL\u00a0 E INDUSTRIAL<\/strong><\/p>\n<p>&nbsp;<\/p>\n<p>El titular, por s\u00ed o como cesionario, es titular de todos los derechos de propiedad intelectual e industrial de su p\u00e1gina web, as\u00ed como de los elementos contenidos en la misma (a t\u00edtulo enunciativo, im\u00e1genes, sonido, audio, v\u00eddeo, software o textos; marcas o logotipos, combinaciones de colores, estructura y dise\u00f1o, selecci\u00f3n de materiales usados, programas de ordenador necesarios para su funcionamiento, acceso y uso, etc.), titularidad del titular o bien de sus licenciantes.<\/p>\n<p>Todos los derechos reservados. En virtud de lo dispuesto en los art\u00edculos\u00a0 8\u00a0 y\u00a0 32.1,\u00a0 p\u00e1rrafo\u00a0 segundo,\u00a0 de\u00a0 la\u00a0 Ley\u00a0 de\u00a0 Propiedad Intelectual, quedan expresamente prohibidas la reproducci\u00f3n, la distribuci\u00f3n y la comunicaci\u00f3n p\u00fablica, incluida su modalidad de puesta a disposici\u00f3n, de la totalidad o parte de los contenidos de esta p\u00e1gina web, con fines comerciales, en cualquier soporte y por cualquier medio t\u00e9cnico, sin la autorizaci\u00f3n del titular. El Usuario se compromete a respetar los derechos de Propiedad Intelectual e Industrial titularidad del titular. Podr\u00e1 visualizar los elementos del portal e incluso imprimirlos, copiarlos y almacenarlos en el disco duro de su ordenador o en cualquier otro soporte f\u00edsico siempre y cuando sea, \u00fanica y exclusivamente, para su uso personal y privado. El Usuario deber\u00e1 abstenerse de suprimir, alterar, eludir o manipular cualquier dispositivo de protecci\u00f3n o sistema de seguridad que estuviera instalado en el las p\u00e1ginas de esta web.<\/p>\n<p>&nbsp;<\/p>\n<p><strong>EXCLUSI\u00d3N DE GARANT\u00cdAS Y RESPONSABILIDAD<\/strong><\/p>\n<p>&nbsp;<\/p>\n<p>El titular o se hace responsable, en ning\u00fan caso, de los da\u00f1os y perjuicios de cualquier naturaleza que pudieran ocasionar, a t\u00edtulo enunciativo: errores u omisiones en los contenidos, falta de disponibilidad del portal o la transmisi\u00f3n de virus o programas maliciosos o lesivos en los contenidos, a pesar de haber adoptado todas las medidas tecnol\u00f3gicas necesarias para evitarlo.<\/p>\n<p>&nbsp;<\/p>\n<p><strong>MODIFICACIONES<\/strong><\/p>\n<p>&nbsp;<\/p>\n<p>El titular se\u00a0 reserva\u00a0 el\u00a0 derecho\u00a0 de\u00a0 efectuar\u00a0 sin\u00a0 previo\u00a0 aviso\u00a0 las modificaciones que considere oportunas en su portal, pudiendo cambiar, suprimir o a\u00f1adir tanto los contenidos y servicios que se presten a trav\u00e9s de la misma como la forma en la que \u00e9stos aparezcan presentados o localizados en su portal.<\/p>\n<p>&nbsp;<\/p>\n<p><strong>ENLACES<\/strong><\/p>\n<p>&nbsp;<\/p>\n<p>En\u00a0 el\u00a0 caso\u00a0 de\u00a0 que en esta web se dispusiesen enlaces o hiperv\u00ednculos hac\u00eda otros sitios de Internet, el titular no ejercer\u00e1 ning\u00fan tipo de control sobre dichos sitios y contenidos. En ning\u00fan caso el titular asumir\u00e1 responsabilidad\u00a0 alguna\u00a0 por\u00a0 los\u00a0 contenidos\u00a0 de\u00a0 alg\u00fan\u00a0 enlace perteneciente a un sitio web ajeno, ni garantizar\u00e1 la disponibilidad t\u00e9cnica, calidad, fiabilidad, exactitud, amplitud, veracidad, validez y constitucionalidad de cualquier material o informaci\u00f3n contenida en ninguno\u00a0 de\u00a0 dichos\u00a0 hiperv\u00ednculos\u00a0 u\u00a0 otros\u00a0 sitios\u00a0 de\u00a0 Internet. Igualmente la inclusi\u00f3n de estas conexiones externas no implicar\u00e1 ning\u00fan tipo de asociaci\u00f3n, fusi\u00f3n o participaci\u00f3n con las entidades conectadas.<\/p>\n<p>&nbsp;<\/p>\n<p><strong>DERECHO DE EXCLUSI\u00d3N<\/strong><\/p>\n<p>&nbsp;<\/p>\n<p>El titular se reserva el derecho a denegar o retirar el acceso a portal y\/o los servicios ofrecidos sin necesidad de preaviso, a instancia propia o de un tercero, a aquellos Usuarios que incumplan las presentes Condiciones Generales de Uso.<\/p>\n<p>&nbsp;<\/p>\n<p><strong>GENERALIDADES<\/strong><\/p>\n<p>&nbsp;<\/p>\n<p>El titular perseguir\u00e1 el incumplimiento de las presentes condiciones as\u00ed como cualquier utilizaci\u00f3n indebida de su portal ejerciendo todas las acciones civiles y penales que le puedan corresponder en derecho.<\/p>\n<p>&nbsp;<\/p>\n<p><strong>MODIFICACI\u00d3N DE LAS PRESENTES CONDICIONES Y DURACI\u00d3N<\/strong><\/p>\n<p>&nbsp;<\/p>\n<p>El titular podr\u00e1\u00a0 modificar\u00a0 en\u00a0 cualquier\u00a0 momento\u00a0 las\u00a0 condiciones\u00a0 aqu\u00ed determinadas, siendo debidamente publicadas como aqu\u00ed aparecen. La vigencia de las citadas condiciones ir\u00e1 en funci\u00f3n de su exposici\u00f3n y\u00a0 estar\u00e1n\u00a0 vigentes\u00a0 hasta\u00a0 que\u00a0 sean\u00a0 modificadas\u00a0 por\u00a0 otras debidamente publicadas.<\/p>\n<p>&nbsp;<\/p>\n<p><strong>LEGISLACI\u00d3N APLICABLE Y JURISDICCI\u00d3N<\/strong><\/p>\n<p>&nbsp;<\/p>\n<p>La relaci\u00f3n entre el titular y el Usuario se\u00a0 regir\u00e1 por\u00a0 la\u00a0 normativa\u00a0 espa\u00f1ola\u00a0 vigente\u00a0 y cualquier controversia se someter\u00e1 a los Juzgados y tribunales de la ciudad de Madrid.<\/p>\n<p>[\/vc_column_text][\/vc_column_inner][\/vc_row_inner][\/vc_column][\/vc_row][vc_row row_type=&#8221;row&#8221; use_row_as_full_screen_section=&#8221;no&#8221; type=&#8221;full_width&#8221; text_align=&#8221;left&#8221; background_animation=&#8221;none&#8221; css_animation=&#8221;&#8221;][vc_column][vc_empty_space height=&#8221;120px&#8221;][\/vc_column][\/vc_row]<\/p>\n","protected":false},"excerpt":{"rendered":"<p>[vc_row row_type=&#8221;row&#8221; use_row_as_full_screen_section=&#8221;no&#8221; type=&#8221;full_width&#8221; text_align=&#8221;left&#8221; background_animation=&#8221;none&#8221; css_animation=&#8221;&#8221;][vc_column][vc_row_inner row_type=&#8221;row&#8221; type=&#8221;grid&#8221; use_row_as_full_screen_section_slide=&#8221;no&#8221; text_align=&#8221;left&#8221; css_animation=&#8221;&#8221;][vc_column_inner][vc_empty_space height=&#8221;150px&#8221;][vc_column_text] Aviso legal [\/vc_column_text][vc_empty_space height=&#8221;50px&#8221;][\/vc_column_inner][\/vc_row_inner][vc_row_inner row_type=&#8221;row&#8221; type=&#8221;grid&#8221; use_row_as_full_screen_section_slide=&#8221;no&#8221; text_align=&#8221;left&#8221; css_animation=&#8221;&#8221;][vc_column_inner][vc_column_text] DATOS IDENTIFICATIVOS &nbsp; En cumplimiento con el deber de informaci\u00f3n recogido en art\u00edculo 10 de la Ley 34\/2002, de 11 de julio, de&#8230;<\/p>\n","protected":false},"author":2,"featured_media":0,"parent":581,"menu_order":0,"comment_status":"closed","ping_status":"closed","template":"full_width.php","meta":{"footnotes":""},"class_list":["post-631","page","type-page","status-publish","hentry"],"yoast_head":"<!-- This site is optimized with the Yoast SEO plugin v25.7 - https:\/\/yoast.com\/wordpress\/plugins\/seo\/ -->\n<title>Legal notice - Baleares Real Estate<\/title>\n<meta name=\"robots\" content=\"index, follow, max-snippet:-1, max-image-preview:large, max-video-preview:-1\" \/>\n<link rel=\"canonical\" href=\"https:\/\/balearesrealestate.com\/en\/contact\/legal-notice\/\" \/>\n<meta property=\"og:locale\" content=\"en_US\" \/>\n<meta property=\"og:type\" content=\"article\" \/>\n<meta property=\"og:title\" content=\"Legal notice - Baleares Real Estate\" \/>\n<meta property=\"og:description\" content=\"[vc_row row_type=&#8221;row&#8221; use_row_as_full_screen_section=&#8221;no&#8221; type=&#8221;full_width&#8221; text_align=&#8221;left&#8221; background_animation=&#8221;none&#8221; css_animation=&#8221;&#8221;][vc_column][vc_row_inner row_type=&#8221;row&#8221; type=&#8221;grid&#8221; use_row_as_full_screen_section_slide=&#8221;no&#8221; text_align=&#8221;left&#8221; css_animation=&#8221;&#8221;][vc_column_inner][vc_empty_space height=&#8221;150px&#8221;][vc_column_text] Aviso legal [\/vc_column_text][vc_empty_space height=&#8221;50px&#8221;][\/vc_column_inner][\/vc_row_inner][vc_row_inner row_type=&#8221;row&#8221; type=&#8221;grid&#8221; use_row_as_full_screen_section_slide=&#8221;no&#8221; text_align=&#8221;left&#8221; css_animation=&#8221;&#8221;][vc_column_inner][vc_column_text] DATOS IDENTIFICATIVOS &nbsp; En cumplimiento con el deber de informaci\u00f3n recogido en art\u00edculo 10 de la Ley 34\/2002, de 11 de julio, de...\" \/>\n<meta property=\"og:url\" content=\"https:\/\/balearesrealestate.com\/en\/contact\/legal-notice\/\" \/>\n<meta property=\"og:site_name\" content=\"Baleares Real Estate\" \/>\n<meta property=\"article:modified_time\" content=\"2025-06-02T15:47:22+00:00\" \/>\n<meta name=\"twitter:card\" content=\"summary_large_image\" \/>\n<meta name=\"twitter:label1\" content=\"Est. reading time\" \/>\n\t<meta name=\"twitter:data1\" content=\"6 minutes\" \/>\n<script type=\"application\/ld+json\" class=\"yoast-schema-graph\">{\"@context\":\"https:\/\/schema.org\",\"@graph\":[{\"@type\":\"WebPage\",\"@id\":\"https:\/\/balearesrealestate.com\/en\/contact\/legal-notice\/\",\"url\":\"https:\/\/balearesrealestate.com\/en\/contact\/legal-notice\/\",\"name\":\"Legal notice - Baleares Real Estate\",\"isPartOf\":{\"@id\":\"https:\/\/balearesrealestate.com\/en\/#website\"},\"datePublished\":\"2025-05-26T08:33:17+00:00\",\"dateModified\":\"2025-06-02T15:47:22+00:00\",\"breadcrumb\":{\"@id\":\"https:\/\/balearesrealestate.com\/en\/contact\/legal-notice\/#breadcrumb\"},\"inLanguage\":\"en-US\",\"potentialAction\":[{\"@type\":\"ReadAction\",\"target\":[\"https:\/\/balearesrealestate.com\/en\/contact\/legal-notice\/\"]}]},{\"@type\":\"BreadcrumbList\",\"@id\":\"https:\/\/balearesrealestate.com\/en\/contact\/legal-notice\/#breadcrumb\",\"itemListElement\":[{\"@type\":\"ListItem\",\"position\":1,\"name\":\"Portada\",\"item\":\"https:\/\/balearesrealestate.com\/en\/\"},{\"@type\":\"ListItem\",\"position\":2,\"name\":\"Contact\",\"item\":\"https:\/\/balearesrealestate.com\/en\/contact\/\"},{\"@type\":\"ListItem\",\"position\":3,\"name\":\"Legal notice\"}]},{\"@type\":\"WebSite\",\"@id\":\"https:\/\/balearesrealestate.com\/en\/#website\",\"url\":\"https:\/\/balearesrealestate.com\/en\/\",\"name\":\"Baleares Real Estate\",\"description\":\"\",\"publisher\":{\"@id\":\"https:\/\/balearesrealestate.com\/en\/#organization\"},\"potentialAction\":[{\"@type\":\"SearchAction\",\"target\":{\"@type\":\"EntryPoint\",\"urlTemplate\":\"https:\/\/balearesrealestate.com\/en\/?s={search_term_string}\"},\"query-input\":{\"@type\":\"PropertyValueSpecification\",\"valueRequired\":true,\"valueName\":\"search_term_string\"}}],\"inLanguage\":\"en-US\"},{\"@type\":\"Organization\",\"@id\":\"https:\/\/balearesrealestate.com\/en\/#organization\",\"name\":\"Baleares Real Estate\",\"url\":\"https:\/\/balearesrealestate.com\/en\/\",\"logo\":{\"@type\":\"ImageObject\",\"inLanguage\":\"en-US\",\"@id\":\"https:\/\/balearesrealestate.com\/en\/#\/schema\/logo\/image\/\",\"url\":\"https:\/\/balearesrealestate.com\/wp-content\/uploads\/2025\/05\/Test-logo-SQ-250.png\",\"contentUrl\":\"https:\/\/balearesrealestate.com\/wp-content\/uploads\/2025\/05\/Test-logo-SQ-250.png\",\"width\":250,\"height\":172,\"caption\":\"Baleares Real Estate\"},\"image\":{\"@id\":\"https:\/\/balearesrealestate.com\/en\/#\/schema\/logo\/image\/\"}}]}<\/script>\n<!-- \/ Yoast SEO plugin. -->","yoast_head_json":{"title":"Legal notice - Baleares Real Estate","robots":{"index":"index","follow":"follow","max-snippet":"max-snippet:-1","max-image-preview":"max-image-preview:large","max-video-preview":"max-video-preview:-1"},"canonical":"https:\/\/balearesrealestate.com\/en\/contact\/legal-notice\/","og_locale":"en_US","og_type":"article","og_title":"Legal notice - Baleares Real Estate","og_description":"[vc_row row_type=&#8221;row&#8221; use_row_as_full_screen_section=&#8221;no&#8221; type=&#8221;full_width&#8221; text_align=&#8221;left&#8221; background_animation=&#8221;none&#8221; css_animation=&#8221;&#8221;][vc_column][vc_row_inner row_type=&#8221;row&#8221; type=&#8221;grid&#8221; use_row_as_full_screen_section_slide=&#8221;no&#8221; text_align=&#8221;left&#8221; css_animation=&#8221;&#8221;][vc_column_inner][vc_empty_space height=&#8221;150px&#8221;][vc_column_text] Aviso legal [\/vc_column_text][vc_empty_space height=&#8221;50px&#8221;][\/vc_column_inner][\/vc_row_inner][vc_row_inner row_type=&#8221;row&#8221; type=&#8221;grid&#8221; use_row_as_full_screen_section_slide=&#8221;no&#8221; text_align=&#8221;left&#8221; css_animation=&#8221;&#8221;][vc_column_inner][vc_column_text] DATOS IDENTIFICATIVOS &nbsp; En cumplimiento con el deber de informaci\u00f3n recogido en art\u00edculo 10 de la Ley 34\/2002, de 11 de julio, de...","og_url":"https:\/\/balearesrealestate.com\/en\/contact\/legal-notice\/","og_site_name":"Baleares Real Estate","article_modified_time":"2025-06-02T15:47:22+00:00","twitter_card":"summary_large_image","twitter_misc":{"Est. reading time":"6 minutes"},"schema":{"@context":"https:\/\/schema.org","@graph":[{"@type":"WebPage","@id":"https:\/\/balearesrealestate.com\/en\/contact\/legal-notice\/","url":"https:\/\/balearesrealestate.com\/en\/contact\/legal-notice\/","name":"Legal notice - Baleares Real Estate","isPartOf":{"@id":"https:\/\/balearesrealestate.com\/en\/#website"},"datePublished":"2025-05-26T08:33:17+00:00","dateModified":"2025-06-02T15:47:22+00:00","breadcrumb":{"@id":"https:\/\/balearesrealestate.com\/en\/contact\/legal-notice\/#breadcrumb"},"inLanguage":"en-US","potentialAction":[{"@type":"ReadAction","target":["https:\/\/balearesrealestate.com\/en\/contact\/legal-notice\/"]}]},{"@type":"BreadcrumbList","@id":"https:\/\/balearesrealestate.com\/en\/contact\/legal-notice\/#breadcrumb","itemListElement":[{"@type":"ListItem","position":1,"name":"Portada","item":"https:\/\/balearesrealestate.com\/en\/"},{"@type":"ListItem","position":2,"name":"Contact","item":"https:\/\/balearesrealestate.com\/en\/contact\/"},{"@type":"ListItem","position":3,"name":"Legal notice"}]},{"@type":"WebSite","@id":"https:\/\/balearesrealestate.com\/en\/#website","url":"https:\/\/balearesrealestate.com\/en\/","name":"Baleares Real Estate","description":"","publisher":{"@id":"https:\/\/balearesrealestate.com\/en\/#organization"},"potentialAction":[{"@type":"SearchAction","target":{"@type":"EntryPoint","urlTemplate":"https:\/\/balearesrealestate.com\/en\/?s={search_term_string}"},"query-input":{"@type":"PropertyValueSpecification","valueRequired":true,"valueName":"search_term_string"}}],"inLanguage":"en-US"},{"@type":"Organization","@id":"https:\/\/balearesrealestate.com\/en\/#organization","name":"Baleares Real Estate","url":"https:\/\/balearesrealestate.com\/en\/","logo":{"@type":"ImageObject","inLanguage":"en-US","@id":"https:\/\/balearesrealestate.com\/en\/#\/schema\/logo\/image\/","url":"https:\/\/balearesrealestate.com\/wp-content\/uploads\/2025\/05\/Test-logo-SQ-250.png","contentUrl":"https:\/\/balearesrealestate.com\/wp-content\/uploads\/2025\/05\/Test-logo-SQ-250.png","width":250,"height":172,"caption":"Baleares Real Estate"},"image":{"@id":"https:\/\/balearesrealestate.com\/en\/#\/schema\/logo\/image\/"}}]}},"_links":{"self":[{"href":"https:\/\/balearesrealestate.com\/en\/wp-json\/wp\/v2\/pages\/631","targetHints":{"allow":["GET"]}}],"collection":[{"href":"https:\/\/balearesrealestate.com\/en\/wp-json\/wp\/v2\/pages"}],"about":[{"href":"https:\/\/balearesrealestate.com\/en\/wp-json\/wp\/v2\/types\/page"}],"author":[{"embeddable":true,"href":"https:\/\/balearesrealestate.com\/en\/wp-json\/wp\/v2\/users\/2"}],"replies":[{"embeddable":true,"href":"https:\/\/balearesrealestate.com\/en\/wp-json\/wp\/v2\/comments?post=631"}],"version-history":[{"count":1,"href":"https:\/\/balearesrealestate.com\/en\/wp-json\/wp\/v2\/pages\/631\/revisions"}],"predecessor-version":[{"id":632,"href":"https:\/\/balearesrealestate.com\/en\/wp-json\/wp\/v2\/pages\/631\/revisions\/632"}],"up":[{"embeddable":true,"href":"https:\/\/balearesrealestate.com\/en\/wp-json\/wp\/v2\/pages\/581"}],"wp:attachment":[{"href":"https:\/\/balearesrealestate.com\/en\/wp-json\/wp\/v2\/media?parent=631"}],"curies":[{"name":"wp","href":"https:\/\/api.w.org\/{rel}","templated":true}]}}